{"id":66,"date":"2016-06-06T07:32:38","date_gmt":"2016-06-06T07:32:38","guid":{"rendered":"http:\/\/oestjyderne.danmarksveteraner.dk\/wordpress\/?page_id=66"},"modified":"2025-03-18T11:11:22","modified_gmt":"2025-03-18T10:11:22","slug":"vedtaegter","status":"publish","type":"page","link":"https:\/\/oestjyderne.danmarksveteraner.dk\/wordpress\/?page_id=66","title":{"rendered":"Vedt\u00e6gter"},"content":{"rendered":"\n<p><\/p>\n\n\n\n<p>\u00a7 1<br>FORENINGENS NAVN og HJEMSTED.<br>Stk. 1<br>Danmarks Veteraner \u00d8stjyderne.<br>Stk. 2<br>Den til enhver tid siddende formands adresse.<br>\u00a7 2<br>FORENINGENS FORM\u00c5L<br>Stk. 1<br>\u27a2 At samle hjemsendt og tjenstg\u00f8rende personel, der har deltaget i fredsst\u00f8ttende (tidl. fredsbevarende og fredsskabende) og humanit\u00e6re missioner for herigennem at styrke og knytte de kammeratlige b\u00e5nd blandt medlemmerne.<br>\u27a2 At medvirke til oplysning om de aktiviteter af fredsst\u00f8ttende og humanit\u00e6r karakter, dansk personel deltager i.<br>\u27a2 At h\u00e6dre afd\u00f8de medlemmer p\u00e5 v\u00e6rdig vis.<br>\u27a2 At forvalte de midler, der stilles til foreningens r\u00e5dighed.<br>\u27a2 At st\u00f8tte landsforeningen i dennes arbejde.<br>Stk. 2<br>Foreningen skal i sin virksomhed etablere og vedligeholde kontakt og samarbejde med forsvarets myndigheder og institutioner samt med foreninger og sammenslutninger, som efter foreningens form\u00e5l sk\u00f8nnes naturligt. Det er en foruds\u00e6tning, at foreningens fulde identitet bevares og at landsforeningen godkender aktiviteterne.<br>\u00a7 3<br>MEDLEMMER<br>Stk. 1<br>Adgang til at blive medlem af foreningen har enhver, der har gjort eller g\u00f8r tjeneste i fredsst\u00f8ttende og humanit\u00e6re missioner, og har modtaget en medalje herfor (eks. FN-medalje eller Forsvarets medalje).<\/p>\n\n\n\n<p>Stk. 2<br>St\u00f8ttemedlemmer kan optages i Landsforeningen til fuldt kontingent, eller direkte under \u00d8stjyderne og betaler s\u00e5 alene \u00d8stjydernes st\u00f8ttemedlemskontingent (samme bel\u00f8b som \u00d8stjyderne modtager pr. medlem fra Landsforeningen). Som st\u00f8ttemedlem optages enhver, der m\u00e5tte \u00f8nske det, og som kan godkendes af \u00d8stjydernes bestyrelse. St\u00f8tte medlemmer har ingen forpligtigelser eller rettigheder i landsforeningens anliggender.<\/p>\n\n\n\n<p>St\u00f8ttemedlemmer, der v\u00e6lger fuldt kontingent til landsforeningen, har samme forpligtelser og rettigheder i \u00d8stjyderne som \u00f8vrige medlemmer, herunder opstilling til valg til bestyrelsen, de kan dog ikke v\u00e6lges til formand eller kasserer.<\/p>\n\n\n\n<p>Stk. 3<br>Beslutning om eksklusion af medlemmer, der har gjort sig skyldig i \u00e9n i den offentlige mening van\u00e6rende handling eller som skader foreningens omd\u00f8mme og tarv, kan kun tr\u00e6ffes af repr\u00e6sentantskabet. Den til eksklusion indstillede, har ret til personligt at forsvare sig her. Vedr\u00f8rende eksklusion af \u00d8stjyllands st\u00f8ttemedlemmer, er det alene den til enhver tid siddende bestyrelse i \u00d8stjyderne, der afg\u00f8r sagen.<\/p>\n\n\n\n<p>Stk. 4<br>Som \u00e6resmedlemmer kan udn\u00e6vnes personer, medlemmer s\u00e5vel som ikke-medlemmer, der har ydet en s\u00e6rlig fortjenstfuld indsats for foreningen. \u00c6resmedlemmer udn\u00e6vnes af repr\u00e6sentantskabet. Foreningen kan indstille.<br>\u00a7 4<br>KONTINGENT<br>Stk. 1<br>Kontingent indeholder betaling for medlemsbladet<br>Stk.2<br>Kontingentets st\u00f8rrelse og regler for opkr\u00e6vning fasts\u00e6ttes hvert \u00e5r af repr\u00e6sentantskabet i forbindelse med budgetforslag.<br>Stk. 3<br>Kontingentet opkr\u00e6ves hel\u00e5rlig med forfaldsdato den 15. februar. Manglende betaling af kontingent, medf\u00f8rer sletning af medlemskab og nulstilling af anciennitet.<br>\u00d8stjydernes andel tilsendes ca. februar og december. Samtidig meddeles det hvilke medlemmer der har betalt.<br>\u00a7 5<br>VALG<br>Stk. 1<br>Bestyrelsen best\u00e5r af:<br>\u2022 Formand v\u00e6lges i \u201dlige \u00e5r\u201d<br>\u2022 Kasserer v\u00e6lges i \u201dulige \u00e5r\u201d<br>\u2022 4 medlemmer, 2 v\u00e6lges i \u201dlige \u00e5r\u201d,2 v\u00e6lges i \u201dulige \u00e5r\u201d<br>\u2022 2 suppleanter v\u00e6lges hvert \u00e5r<br>Udover bestyrelsen v\u00e6lges:<\/p>\n\n\n\n<p>\u2022 2 Revisorer 1 hvert \u00e5r, for 2 \u00e5r.<br>\u2022 1 Revisorsuppleant hvert \u00e5r<br>\u2022 Faneb\u00e6rere\/fanevagter udtages efter behov.<br>\u2022 Repr\u00e6sentanter: formand + 2 for f\u00f8rste 100, derefter1 for hver 100.<br>Stk. 2<br>Valgene sker ved simpelt stemmeflertal. Genvalg kan finde sted.<br>\u00a7 6<br>BESTYRELSE<br>Bestyrelsen st\u00e5r for foreningens daglige drift og fasts\u00e6tter selv sin forretningsorden. Bestyrelsen konstituerer sig med n\u00e6stformand, sekret\u00e6r og webmaster efter hver generalforsamling. Ved stemmelighed i bestyrelsen, er formandens stemme udslagsgivende.<\/p>\n\n\n\n<p>Bestyrelsen tegnes af formand og kasserer.<br><br>\u00a7 7<br>GENERALFORSAMLING<br>Stk. 1<br>Generalforsamlingen er foreningens h\u00f8jeste myndighed.<br>Stk. 2<br>Generalforsamlingen v\u00e6lger foreningens bestyrelse mv.<br>Stk. 3<\/p>\n\n\n\n<p>Ordin\u00e6r generalforsamling afholdes hvert \u00e5r i februar m\u00e5ned og indkaldes med 4 ugers varsel. Indkaldelse med angivelse af dagsorden sker i medlemsbladet s\u00e5 betids, at vedt\u00e6gterne overholdes. Udsendes ogs\u00e5 p\u00e5 e-mail.<br>Stk. 4<br>Dagsorden:<\/p>\n\n\n\n<ol type=\"1\">\n<li>Valg af dirigent.<\/li>\n\n\n\n<li>Valg af referent.<\/li>\n\n\n\n<li>Valg af stemmet\u00e6llere.<\/li>\n\n\n\n<li>Godkendelse af dagsorden.<\/li>\n\n\n\n<li>Bestyrelsens beretning.<\/li>\n\n\n\n<li>Freml\u00e6ggelse af regnskab.<\/li>\n\n\n\n<li>Indkomne forslag.<\/li>\n\n\n\n<li>Valg jfr. \u00a7 5, stk. 1.<\/li>\n\n\n\n<li>Orientering om Hovedforening og fremtiden.<\/li>\n\n\n\n<li>Eventuelt<br><br><\/li>\n<\/ol>\n\n\n\n<p>Stk. 5<br>Forslag der \u00f8nskes behandlet p\u00e5 den ordin\u00e6re generalforsamling, skal v\u00e6re formanden i h\u00e6nde seneste 14 dage f\u00f8r generalforsamlingen.<br>Stk. 6<br>Ekstraordin\u00e6r generalforsamling kan forlanges indkaldt af 3 bestyrelsesmedlemmer eller \u00bc af medlemmerne ved skriftlig henvendelse til formanden med angivelse af dagsorden.<br>Stk. 7<br>Der kr\u00e6ves 2\/3 af de fremm\u00f8dte stemmer for at \u00e6ndre vedt\u00e6gterne. Ved genfrems\u00e6ttelse kr\u00e6ves almindeligt stemmeflertal.<br>Andre forslag vedtages med almindeligt stemmeflertal.<br>\u00a7 8<br>REGNSKAB<br>Stk. 1<br>Regnskabet g\u00e5r fra den 1. januar til den 31. december.<br>Stk. 2<br>\u00c5rsregnskabet freml\u00e6gges af kassereren, der skal f\u00f8re de for regnskabsafl\u00e6ggelsen n\u00f8dvendige b\u00f8ger.<br>Stk. 3<br>Foreningens midler inds\u00e6ttes p\u00e5 konto 1551 4789121966 i Danske Bank, hvorfra der kun kan h\u00e6ves af kasserer eller formanden.<br>Stk. 4<br>Senest 15. januar skal regnskabet v\u00e6re afleveret til revisorerne. Efter revision kan det ses p\u00e5 hjemmesiden.<br>Stk. 5<br>Foreningens CVR Nr. er 4165 2578.<br>\u00a7 9<br>FORENINGENS OPL\u00d8SNING<br>Stk. 1<\/p>\n\n\n\n<p>Foreningen kan kun opl\u00f8ses, n\u00e5r 4\/5 af den samlede generalforsamling stemmer herfor p\u00e5 2 p\u00e5 hinanden f\u00f8lgende generalforsamlinger.<br>Stk. 2<br>I tilf\u00e6lde af foreningens opl\u00f8sning skal dens midler mv. straks overf\u00f8res til Hovedforeningen.<br>S\u00e5ledes vedtaget p\u00e5 den stiftende generalforsamling den 21. november 1972.<br>\u00c6ndret p\u00e5 generalforsamlingen den 10. marts 1986.<br>\u00c6ndret p\u00e5 generalforsamlingen den 6. marts 2002.<br>\u00c6ndret p\u00e5 generalforsamlingen den 9. marts 2007.<br>\u00c6ndret p\u00e5 generalforsamlingen den 10. februar 2011.<br>\u00c6ndret p\u00e5 generalforsamlingen den 14. februar 2017.<br>\u00c6ndret p\u00e5 generalforsamlingen den 12. februar 2019.<br>\u00c6ndret p\u00e5 generalforsamlingen den 8. februar 2022.\u00a0\u00a0\u00a0\u00a0\u00a0\u00a0\u00a0\u00a0\u00a0\u00a0\u00a0\u00a0\u00a0\u00a0\u00a0\u00a0\u00a0\u00a0\u00a0\u00a0\u00a0\u00a0\u00a0\u00a0\u00a0\u00a0\u00a0\u00a0\u00a0\u00a0\u00a0\u00a0\u00a0\u00a0\u00a0\u00a0\u00a0\u00a0\u00a0\u00a0\u00a0\u00a0\u00a0\u00a0\u00a0\u00a0\u00a0\u00a0\u00a0\u00a0\u00a0\u00a0\u00a0\u00a0\u00a0\u00a0\u00a0\u00a0\u00a0\u00a0\u00a0\u00a0\u00a0\u00a0\u00a0\u00a0\u00a0\u00a0\u00a0\u00a0\u00a0\u00a0\u00a0\u00a0\u00a0\u00a0\u00a0\u00a0\u00a0\u00a0\u00a0\u00a0\u00a0\u00a0\u00a0\u00a0\u00a0\u00a0\u00a0\u00a0\u00a0\u00a0\u00a0\u00a0\u00a0\u00a0\u00a0\u00a0\u00a0\u00a0\u00a0\u00a0\u00a0\u00a0\u00a0\u00a0\u00a0\u00a0\u00a0\u00a0\u00a0\u00a0\u00a0\u00a0\u00a0\u00a0\u00a0\u00a0\u00a0\u00a0\u00a0\u00a0\u00a0\u00a0\u00a0\u00a0\u00a0\u00a0\u00a0\u00a0\u00a0\u00a0\u00a0\u00a0\u00a0\u00a0\u00a0\u00a0\u00a0\u00a0\u00a0\u00a0\u00a0\u00a0\u00a0\u00a0\u00a0\u00a0\u00a0\u00a0\u00a0\u00a0\u00a0\u00a0\u00a0\u00a0\u00a0\u00a0\u00a0\u00a0\u00a0\u00a0\u00a0\u00a0<br>\u00c6ndret p\u00e5 generalforsamlingen den 14. februar 2023.<br>\u00c6ndret p\u00e5 generalforsamlingen den 18. februar 2025.<br><\/p>\n\n\n\n<p>Dirigent._____________________________________<br><br><\/p>\n\n\n\n<p>Formand.____________________________________<\/p>\n","protected":false},"excerpt":{"rendered":"<p>\u00a7 1FORENINGENS NAVN og HJEMSTED.Stk. 1Danmarks Veteraner \u00d8stjyderne.Stk. 2Den til enhver tid siddende formands adresse.\u00a7 2FORENINGENS FORM\u00c5LStk. 1\u27a2 At samle<\/p>\n","protected":false},"author":1,"featured_media":0,"parent":40,"menu_order":1,"comment_status":"closed","ping_status":"closed","template":"","meta":{"colormag_page_layout":"default_layout"},"_links":{"self":[{"href":"https:\/\/oestjyderne.danmarksveteraner.dk\/wordpress\/index.php?rest_route=\/wp\/v2\/pages\/66"}],"collection":[{"href":"https:\/\/oestjyderne.danmarksveteraner.dk\/wordpress\/index.php?rest_route=\/wp\/v2\/pages"}],"about":[{"href":"https:\/\/oestjyderne.danmarksveteraner.dk\/wordpress\/index.php?rest_route=\/wp\/v2\/types\/page"}],"author":[{"embeddable":true,"href":"https:\/\/oestjyderne.danmarksveteraner.dk\/wordpress\/index.php?rest_route=\/wp\/v2\/users\/1"}],"replies":[{"embeddable":true,"href":"https:\/\/oestjyderne.danmarksveteraner.dk\/wordpress\/index.php?rest_route=%2Fwp%2Fv2%2Fcomments&post=66"}],"version-history":[{"count":14,"href":"https:\/\/oestjyderne.danmarksveteraner.dk\/wordpress\/index.php?rest_route=\/wp\/v2\/pages\/66\/revisions"}],"predecessor-version":[{"id":1718,"href":"https:\/\/oestjyderne.danmarksveteraner.dk\/wordpress\/index.php?rest_route=\/wp\/v2\/pages\/66\/revisions\/1718"}],"up":[{"embeddable":true,"href":"https:\/\/oestjyderne.danmarksveteraner.dk\/wordpress\/index.php?rest_route=\/wp\/v2\/pages\/40"}],"wp:attachment":[{"href":"https:\/\/oestjyderne.danmarksveteraner.dk\/wordpress\/index.php?rest_route=%2Fwp%2Fv2%2Fmedia&parent=66"}],"curies":[{"name":"wp","href":"https:\/\/api.w.org\/{rel}","templated":true}]}}