{"id":60,"date":"2016-05-30T07:52:25","date_gmt":"2016-05-30T07:52:25","guid":{"rendered":"http:\/\/oestjyderne.danmarksveteraner.dk\/wordpress\/?page_id=60"},"modified":"2016-05-30T08:00:36","modified_gmt":"2016-05-30T08:00:36","slug":"kontakt-os","status":"publish","type":"page","link":"https:\/\/oestjyderne.danmarksveteraner.dk\/wordpress\/?page_id=60","title":{"rendered":"Kontakt os"},"content":{"rendered":"<p>\u00d8nsker du at melde dig ind i Danmarks Veteraner, \u00e6ndre dine kontaktoplysninger som medlem eller komme i kontakt med landsforeningen, s\u00e5 er der nogle nyttige links herunder.<\/p>\n<ul>\n<li><a href=\"http:\/\/danmarksveteraner.dk\/wordpress\/?page_id=90\" target=\"_blank\">Indmeldelse i foreningen<\/a><\/li>\n<li><a href=\"http:\/\/danmarksveteraner.dk\/wordpress\/?page_id=103\" target=\"_blank\">\u00c6ndring af medlemmers kontakt oplysninger<\/a><\/li>\n<li><a href=\"http:\/\/danmarksveteraner.dk\/wordpress\/?page_id=617\" target=\"_blank\">Kontakt til landsforeningen<\/a><\/li>\n<\/ul>\n<p>\u00d8nsker du at komme i kontakt med lokalforeningen s\u00e5 udfyld nedenst\u00e5ende formular og tryk p\u00e5 SEND. Alle felter skal udfyldes.<\/p>\n<p>[Form id=&#8221;1&#8243;]<\/p>\n","protected":false},"excerpt":{"rendered":"<p>\u00d8nsker du at melde dig ind i Danmarks Veteraner, \u00e6ndre dine kontaktoplysninger som medlem eller komme i kontakt med landsforeningen,<\/p>\n","protected":false},"author":1,"featured_media":0,"parent":0,"menu_order":6,"comment_status":"closed","ping_status":"closed","template":"","meta":{"colormag_page_layout":"default_layout"},"_links":{"self":[{"href":"https:\/\/oestjyderne.danmarksveteraner.dk\/wordpress\/index.php?rest_route=\/wp\/v2\/pages\/60"}],"collection":[{"href":"https:\/\/oestjyderne.danmarksveteraner.dk\/wordpress\/index.php?rest_route=\/wp\/v2\/pages"}],"about":[{"href":"https:\/\/oestjyderne.danmarksveteraner.dk\/wordpress\/index.php?rest_route=\/wp\/v2\/types\/page"}],"author":[{"embeddable":true,"href":"https:\/\/oestjyderne.danmarksveteraner.dk\/wordpress\/index.php?rest_route=\/wp\/v2\/users\/1"}],"replies":[{"embeddable":true,"href":"https:\/\/oestjyderne.danmarksveteraner.dk\/wordpress\/index.php?rest_route=%2Fwp%2Fv2%2Fcomments&post=60"}],"version-history":[{"count":2,"href":"https:\/\/oestjyderne.danmarksveteraner.dk\/wordpress\/index.php?rest_route=\/wp\/v2\/pages\/60\/revisions"}],"predecessor-version":[{"id":62,"href":"https:\/\/oestjyderne.danmarksveteraner.dk\/wordpress\/index.php?rest_route=\/wp\/v2\/pages\/60\/revisions\/62"}],"wp:attachment":[{"href":"https:\/\/oestjyderne.danmarksveteraner.dk\/wordpress\/index.php?rest_route=%2Fwp%2Fv2%2Fmedia&parent=60"}],"curies":[{"name":"wp","href":"https:\/\/api.w.org\/{rel}","templated":true}]}}