{"id":405,"date":"2018-02-01T10:44:10","date_gmt":"2018-02-01T09:44:10","guid":{"rendered":"http:\/\/oestjyderne.danmarksveteraner.dk\/wordpress\/?page_id=405"},"modified":"2026-03-24T15:25:57","modified_gmt":"2026-03-24T14:25:57","slug":"naeste-generalforsamling","status":"publish","type":"page","link":"https:\/\/oestjyderne.danmarksveteraner.dk\/wordpress\/?page_id=405","title":{"rendered":"N\u00e6ste generalforsamling"},"content":{"rendered":"<div><\/div>\n<div><\/div>\n<div>\n<p><strong>Dagsorden til generalforsamlingen<\/strong><\/p>\n<p><strong>Danmarks Veteraner \u00d8stjyderne<\/strong><\/p>\n<p><strong>\u00a0<\/strong><\/p>\n<p>Tidspunkt:\u00a0\u00a0\u00a0\u00a0\u00a0\u00a0\u00a0\u00a0 <strong>tirsdag den\u00a0 \u00a0 . februar 2027\u00a0 kl. 19:00<\/strong><\/p>\n<p>Sted:<\/p>\n<p>Tilmelding til<strong>:\u00a0\u00a0 Formanden senest en uge f\u00f8r<\/strong><\/p>\n<p><strong>\u00a0\u00a0\u00a0\u00a0\u00a0\u00a0\u00a0\u00a0\u00a0\u00a0\u00a0\u00a0\u00a0\u00a0\u00a0\u00a0\u00a0\u00a0\u00a0\u00a0\u00a0\u00a0\u00a0 <\/strong><strong>E-mail: oestjyderne@danmarksveteraner.dk<\/strong><\/p>\n<p><strong>\u00a0\u00a0\u00a0\u00a0\u00a0\u00a0\u00a0\u00a0\u00a0\u00a0\u00a0\u00a0\u00a0\u00a0\u00a0\u00a0\u00a0\u00a0\u00a0\u00a0\u00a0\u00a0\u00a0 SMS:\u00a0<\/strong><\/p>\n<p><strong>\u00a0\u00a0\u00a0\u00a0\u00a0\u00a0\u00a0\u00a0\u00a0\u00a0\u00a0\u00a0\u00a0\u00a0\u00a0\u00a0\u00a0\u00a0\u00a0\u00a0\u00a0\u00a0\u00a0 <\/strong><\/p>\n<p><strong>\u00a0<\/strong><\/p>\n<p><strong>Dagsorden i henhold til vedt\u00e6gterne:<\/strong><\/p>\n<ol>\n<li>Valg af dirigent<\/li>\n<li>Valg af referent<\/li>\n<li>Valg af stemmet\u00e6llere<\/li>\n<li>Godkendelse af dagsorden<\/li>\n<li>Bestyrelsens beretning<\/li>\n<li>Freml\u00e6ggelse af regnskab<\/li>\n<li>Indkomne forslag (Forslag skal v\u00e6re formanden i h\u00e6nde senest 14 dage f\u00f8r generalforsamling)<\/li>\n<li>Valg jfr. \u00a7 5, stk.<\/li>\n<li>Orientering om Hovedforening og fremtiden<\/li>\n<li>Eventuelt<\/li>\n<\/ol>\n<ul>\n<li>Overr\u00e6kkelse af \u00e5rstegn m.v.<\/li>\n<li>input til bestyrelsens arbejde fra medlemmerne<\/li>\n<\/ul>\n<ol start=\"11\">\n<li>Afslutning<\/li>\n<\/ol>\n<p><strong>Spisning <\/strong>(2 stk. sm\u00f8rrebr\u00f8d og 1 \u00f8l\/vand pr. deltager)<\/p>\n<p>Med venlig hilsen<\/p>\n<p>Danmarks Veteraner \u00d8stjyderne<\/p>\n<p>Formanden<\/p>\n<\/div>\n","protected":false},"excerpt":{"rendered":"<p>Dagsorden til generalforsamlingen Danmarks Veteraner \u00d8stjyderne \u00a0 Tidspunkt:\u00a0\u00a0\u00a0\u00a0\u00a0\u00a0\u00a0\u00a0 tirsdag den\u00a0 \u00a0 . februar 2027\u00a0 kl. 19:00 Sted: Tilmelding til:\u00a0\u00a0 Formanden<\/p>\n","protected":false},"author":1,"featured_media":0,"parent":40,"menu_order":2,"comment_status":"closed","ping_status":"closed","template":"","meta":{"colormag_page_layout":"default_layout"},"_links":{"self":[{"href":"https:\/\/oestjyderne.danmarksveteraner.dk\/wordpress\/index.php?rest_route=\/wp\/v2\/pages\/405"}],"collection":[{"href":"https:\/\/oestjyderne.danmarksveteraner.dk\/wordpress\/index.php?rest_route=\/wp\/v2\/pages"}],"about":[{"href":"https:\/\/oestjyderne.danmarksveteraner.dk\/wordpress\/index.php?rest_route=\/wp\/v2\/types\/page"}],"author":[{"embeddable":true,"href":"https:\/\/oestjyderne.danmarksveteraner.dk\/wordpress\/index.php?rest_route=\/wp\/v2\/users\/1"}],"replies":[{"embeddable":true,"href":"https:\/\/oestjyderne.danmarksveteraner.dk\/wordpress\/index.php?rest_route=%2Fwp%2Fv2%2Fcomments&post=405"}],"version-history":[{"count":22,"href":"https:\/\/oestjyderne.danmarksveteraner.dk\/wordpress\/index.php?rest_route=\/wp\/v2\/pages\/405\/revisions"}],"predecessor-version":[{"id":1882,"href":"https:\/\/oestjyderne.danmarksveteraner.dk\/wordpress\/index.php?rest_route=\/wp\/v2\/pages\/405\/revisions\/1882"}],"up":[{"embeddable":true,"href":"https:\/\/oestjyderne.danmarksveteraner.dk\/wordpress\/index.php?rest_route=\/wp\/v2\/pages\/40"}],"wp:attachment":[{"href":"https:\/\/oestjyderne.danmarksveteraner.dk\/wordpress\/index.php?rest_route=%2Fwp%2Fv2%2Fmedia&parent=405"}],"curies":[{"name":"wp","href":"https:\/\/api.w.org\/{rel}","templated":true}]}}