{"id":32,"date":"2016-05-30T07:37:16","date_gmt":"2016-05-30T07:37:16","guid":{"rendered":"http:\/\/oestjyderne.danmarksveteraner.dk\/wordpress\/?page_id=32"},"modified":"2025-03-18T11:28:53","modified_gmt":"2025-03-18T10:28:53","slug":"bestyrelsen","status":"publish","type":"page","link":"https:\/\/oestjyderne.danmarksveteraner.dk\/wordpress\/?page_id=32","title":{"rendered":"Bestyrelsen"},"content":{"rendered":" <div id=\"wppa-container-wrapper-1\" class=\"aligncenter wppa-container-wrapper \" style=\"width:100%;clear:both;display:block;margin-left:auto;margin-right:auto;padding:0;position:relative;\"><div id=\"wppa-container-1\" style=\"width:100%;\" class=\"wppa-container aligncenter\"><div style=\"font-size:0;line-height:0\"><img id=\"ph-7-1\" title=\"F\u00e6llesbillede 40\u00e5rs Jubil\u00e6um R\u00e5dhuset.jpg\" style=\"width:100%;margin:0;padding:0;border:none;\" src=\"https:\/\/oestjyderne.danmarksveteraner.dk\/wordpress\/wp-content\/uploads\/wppa\/7.jpg?ver=1\" alt=\"F\u00e6llesbillede 40\u00e5rs Jubil\u00e6um R\u00e5dhuset.jpg\" class=\"size-medium wppa-sphoto\" ><\/div><svg id=\"wppa-ajax-spin-1\" class=\"wppa-ajax-spin uil-default\" width=\"120px\" height=\"120px\" viewBox=\"0 0 100 100\" preserveAspectRatio=\"xMidYMid\" stroke=\"\" style=\"width:120px; height:120px; position:fixed; top:50%; margin-top:-60px; left:50%; margin-left:-60px; opacity:1; display:none; fill:#666666; background-color:#dddddd; border-radius:12px;\"><rect x=\"0\" y=\"0\" width=\"100\" height=\"100\" fill=\"none\" class=\"bk\"><\/rect><rect class=\"wppa-ajaxspin\" x=\"47\" y=\"40\" width=\"6\" height=\"20\" rx=\"3\" ry=\"3\" transform=\"rotate(0 50 50) translate(0 -32)\"><animate attributeName=\"opacity\" from=\"1\" to=\"0\" dur=\"1.5s\" begin=\"0s\" repeatCount=\"indefinite\" ><\/rect><rect class=\"wppa-ajaxspin\" x=\"47\" y=\"40\" width=\"6\" height=\"20\" rx=\"3\" ry=\"3\" transform=\"rotate(22.5 50 50) translate(0 -32)\"><animate attributeName=\"opacity\" from=\"1\" to=\"0\" dur=\"1.5s\" begin=\"0.09375s\" repeatCount=\"indefinite\" ><\/rect><rect class=\"wppa-ajaxspin\" x=\"47\" y=\"40\" width=\"6\" height=\"20\" rx=\"3\" ry=\"3\" transform=\"rotate(45 50 50) translate(0 -32)\"><animate attributeName=\"opacity\" from=\"1\" to=\"0\" dur=\"1.5s\" begin=\"0.1875s\" repeatCount=\"indefinite\" ><\/rect><rect class=\"wppa-ajaxspin\" x=\"47\" y=\"40\" width=\"6\" height=\"20\" rx=\"3\" ry=\"3\" transform=\"rotate(67.5 50 50) translate(0 -32)\"><animate attributeName=\"opacity\" from=\"1\" to=\"0\" dur=\"1.5s\" begin=\"0.28125s\" repeatCount=\"indefinite\" ><\/rect><rect class=\"wppa-ajaxspin\" x=\"47\" y=\"40\" width=\"6\" height=\"20\" rx=\"3\" ry=\"3\" transform=\"rotate(90 50 50) translate(0 -32)\"><animate attributeName=\"opacity\" from=\"1\" to=\"0\" dur=\"1.5s\" begin=\"0.375s\" repeatCount=\"indefinite\" ><\/rect><rect class=\"wppa-ajaxspin\" x=\"47\" y=\"40\" width=\"6\" height=\"20\" rx=\"3\" ry=\"3\" transform=\"rotate(112.5 50 50) translate(0 -32)\"><animate attributeName=\"opacity\" from=\"1\" to=\"0\" dur=\"1.5s\" begin=\"0.46875s\" repeatCount=\"indefinite\" ><\/rect><rect class=\"wppa-ajaxspin\" x=\"47\" y=\"40\" width=\"6\" height=\"20\" rx=\"3\" ry=\"3\" transform=\"rotate(135 50 50) translate(0 -32)\"><animate attributeName=\"opacity\" from=\"1\" to=\"0\" dur=\"1.5s\" begin=\"0.5625s\" repeatCount=\"indefinite\" ><\/rect><rect class=\"wppa-ajaxspin\" x=\"47\" y=\"40\" width=\"6\" height=\"20\" rx=\"3\" ry=\"3\" transform=\"rotate(157.5 50 50) translate(0 -32)\"><animate attributeName=\"opacity\" from=\"1\" to=\"0\" dur=\"1.5s\" begin=\"0.65625s\" repeatCount=\"indefinite\" ><\/rect><rect class=\"wppa-ajaxspin\" x=\"47\" y=\"40\" width=\"6\" height=\"20\" rx=\"3\" ry=\"3\" transform=\"rotate(180 50 50) translate(0 -32)\"><animate attributeName=\"opacity\" from=\"1\" to=\"0\" dur=\"1.5s\" begin=\"0.75s\" repeatCount=\"indefinite\" ><\/rect><rect class=\"wppa-ajaxspin\" x=\"47\" y=\"40\" width=\"6\" height=\"20\" rx=\"3\" ry=\"3\" transform=\"rotate(202.5 50 50) translate(0 -32)\"><animate attributeName=\"opacity\" from=\"1\" to=\"0\" dur=\"1.5s\" begin=\"0.84375s\" repeatCount=\"indefinite\" ><\/rect><rect class=\"wppa-ajaxspin\" x=\"47\" y=\"40\" width=\"6\" height=\"20\" rx=\"3\" ry=\"3\" transform=\"rotate(225 50 50) translate(0 -32)\"><animate attributeName=\"opacity\" from=\"1\" to=\"0\" dur=\"1.5s\" begin=\"0.9375s\" repeatCount=\"indefinite\" ><\/rect><rect class=\"wppa-ajaxspin\" x=\"47\" y=\"40\" width=\"6\" height=\"20\" rx=\"3\" ry=\"3\" transform=\"rotate(247.5 50 50) translate(0 -32)\"><animate attributeName=\"opacity\" from=\"1\" to=\"0\" dur=\"1.5s\" begin=\"1.03125s\" repeatCount=\"indefinite\" ><\/rect><rect class=\"wppa-ajaxspin\" x=\"47\" y=\"40\" width=\"6\" height=\"20\" rx=\"3\" ry=\"3\" transform=\"rotate(270 50 50) translate(0 -32)\"><animate attributeName=\"opacity\" from=\"1\" to=\"0\" dur=\"1.5s\" begin=\"1.125s\" repeatCount=\"indefinite\" ><\/rect><rect class=\"wppa-ajaxspin\" x=\"47\" y=\"40\" width=\"6\" height=\"20\" rx=\"3\" ry=\"3\" transform=\"rotate(292.5 50 50) translate(0 -32)\"><animate attributeName=\"opacity\" from=\"1\" to=\"0\" dur=\"1.5s\" begin=\"1.21875s\" repeatCount=\"indefinite\" ><\/rect><rect class=\"wppa-ajaxspin\" x=\"47\" y=\"40\" width=\"6\" height=\"20\" rx=\"3\" ry=\"3\" transform=\"rotate(315 50 50) translate(0 -32)\"><animate attributeName=\"opacity\" from=\"1\" to=\"0\" dur=\"1.5s\" begin=\"1.3125s\" repeatCount=\"indefinite\" ><\/rect><rect class=\"wppa-ajaxspin\" x=\"47\" y=\"40\" width=\"6\" height=\"20\" rx=\"3\" ry=\"3\" transform=\"rotate(337.5 50 50) translate(0 -32)\"><animate attributeName=\"opacity\" from=\"1\" to=\"0\" dur=\"1.5s\" begin=\"1.40625s\" repeatCount=\"indefinite\" ><\/rect><\/svg><\/div><\/div>\n<!-- End [wppa type=\"photo\" photo=\"7\" align=\"center\"] \/wordpress\/index.php?rest_route=%2Fwp%2Fv2%2Fpages%2F32 oc 1 15 queries in 7.2 ms. at 01:08. Max mem: 16.00 Mb. -->\n<p>&nbsp;<\/p>\n\n<table id=\"tablepress-3\" class=\"tablepress tablepress-id-3\">\n<tbody class=\"row-striping row-hover\">\n<tr class=\"row-1\">\n\t<td class=\"column-1\"><a href=\"https:\/\/oestjyderne.danmarksveteraner.dk\/wordpress\/wp-content\/uploads\/2026\/03\/PXL_20260305_200405825-scaled.jpg\"><img src=\"https:\/\/oestjyderne.danmarksveteraner.dk\/wordpress\/wp-content\/uploads\/2026\/03\/PXL_20260305_200405825-225x300.jpg\" alt=\"\" width=\"225\" height=\"300\" class=\"alignnone size-medium wp-image-1873\" \/><\/a><\/td><td class=\"column-2\">Formand<br \/>\n<a href=\"mailto:oestjyderne@danmarksveteraner.dk\">Simon Bendfeldt<\/a><br \/>\nTeglv\u00e6rksparken 16<br \/>\n7130 Juelsminde <br \/>\nsimon@bendfeldt.dk <br \/>\n2782 4080<\/td>\n<\/tr>\n<tr class=\"row-2\">\n\t<td class=\"column-1\"><a href=\"https:\/\/oestjyderne.danmarksveteraner.dk\/wordpress\/wp-content\/uploads\/2026\/03\/PXL_20260305_200333323-scaled.jpg\"><img src=\"https:\/\/oestjyderne.danmarksveteraner.dk\/wordpress\/wp-content\/uploads\/2026\/03\/PXL_20260305_200333323-225x300.jpg\" alt=\"\" width=\"225\" height=\"300\" class=\"alignnone size-medium wp-image-1871\" \/><\/a><\/td><td class=\"column-2\">N\u00e6stformand. <br \/>\n<a href=\"mailto:oestjyderne@danmarksveteraner.dk\">Nicholas \u00d8stergaard<\/a><br \/>\nUdsigten 2<br \/>\n8654 Bryrup<br \/>\nnico1969@outlook.dk<br \/>\nTlf. 4216 0438<br \/>\n<\/td>\n<\/tr>\n<tr class=\"row-3\">\n\t<td class=\"column-1\"><a href=\"http:\/\/oestjyderne.danmarksveteraner.dk\/wordpress\/wp-content\/uploads\/2016\/06\/DBB-Bestyrelse-2010-009.jpg\"><img src=\"http:\/\/oestjyderne.danmarksveteraner.dk\/wordpress\/wp-content\/uploads\/2016\/06\/DBB-Bestyrelse-2010-009.jpg\" alt=\"DBB Bestyrelse 2010 009\" width=\"274\" height=\"207\" class=\"aligncenter size-full wp-image-108\" \/><\/a><\/td><td class=\"column-2\">Kasserer.<br \/>\n<a href=\"mailto:oestjyderne@danmarksveteraner.dk\" target=\"_blank\" rel=\"noopener\">Rasmus Reedtz<\/a><br \/>\nStationsvej 40<br \/>\n8700 Horsens<br \/>\nrasmus.reedtz@gmail.com<br \/>\n2680 3919<\/td>\n<\/tr>\n<tr class=\"row-4\">\n\t<td class=\"column-1\"><a href=\"https:\/\/oestjyderne.danmarksveteraner.dk\/wordpress\/wp-content\/uploads\/2026\/03\/PXL_20260305_200405825-scaled.jpg\"><img src=\"https:\/\/oestjyderne.danmarksveteraner.dk\/wordpress\/wp-content\/uploads\/2026\/03\/PXL_20260305_200405825-225x300.jpg\" alt=\"\" width=\"225\" height=\"300\" class=\"alignnone size-medium wp-image-1873\" \/><\/a><\/td><td class=\"column-2\">Sekret\u00e6r.<br \/>\n<a href=\"mailto:simon@bendfeldt.dk\">Simon Bendfeldt<\/a> <br \/>\n<\/td>\n<\/tr>\n<tr class=\"row-5\">\n\t<td class=\"column-1\"><a href=\"https:\/\/oestjyderne.danmarksveteraner.dk\/wordpress\/wp-content\/uploads\/2025\/03\/IMG_5012-scaled.jpg\"><img src=\"https:\/\/oestjyderne.danmarksveteraner.dk\/wordpress\/wp-content\/uploads\/2025\/03\/IMG_5012-200x300.jpg\" alt=\"\" width=\"200\" height=\"300\" class=\"alignnone size-medium wp-image-1728\" \/><\/a><\/td><td class=\"column-2\">Bestyrelsesmedlem<br \/>\n<a href=\"http:\/\/Mailto:http:\/\/henriktoppen@live.dk\">Henrik Wallstr\u00f8m.<\/a> <br \/>\nKv\u00e6genbjergvej 13<br \/>\n8752 \u00d8stbirk<br \/>\nTlf. 4095 0582<br \/>\nhenriktoppen@live.dk<\/td>\n<\/tr>\n<tr class=\"row-6\">\n\t<td class=\"column-1\"><a href=\"https:\/\/oestjyderne.danmarksveteraner.dk\/wordpress\/wp-content\/uploads\/2025\/03\/IMG_5016-scaled.jpg\"><img src=\"https:\/\/oestjyderne.danmarksveteraner.dk\/wordpress\/wp-content\/uploads\/2025\/03\/IMG_5016-200x300.jpg\" alt=\"\" width=\"200\" height=\"300\" class=\"alignnone size-medium wp-image-1729\" \/><\/a><\/td><td class=\"column-2\">Bestyrelsesmedlem<br \/>\n<a href=\"http:\/\/Mailto:730kim@gmail.com\">Kim Nielsen<\/a><br \/>\nDarlingsvej 16<br \/>\n8700 Horsens<br \/>\n2256 1159<br \/>\n730kim@gmail.com<\/td>\n<\/tr>\n<tr class=\"row-7\">\n\t<td class=\"column-1\"><a href=\"https:\/\/oestjyderne.danmarksveteraner.dk\/wordpress\/wp-content\/uploads\/2025\/03\/IMG_5018-scaled.jpg\"><img src=\"https:\/\/oestjyderne.danmarksveteraner.dk\/wordpress\/wp-content\/uploads\/2025\/03\/IMG_5018-200x300.jpg\" alt=\"\" width=\"200\" height=\"300\" class=\"alignnone size-medium wp-image-1730\" \/><\/a><\/td><td class=\"column-2\">Suppleant. <br \/>\n<a href=\"mailto:ane.strandlyst69@gmail.com.dk\">Ib Christensen<\/a><br \/>\nHedvig Billes Top 2, 3. eta. lejl. 4<br \/>\n8700 Horsens<br \/>\nane.strandlyst69@gmail.com<br \/>\nTlf. 5188 7148<br \/>\n<\/td>\n<\/tr>\n<tr class=\"row-8\">\n\t<td class=\"column-1\"><a href=\"<a href=\"https:\/\/oestjyderne.danmarksveteraner.dk\/wordpress\/wp-content\/uploads\/2024\/02\/BLAa-2019-173-scaled.jpg\"><img src=\"https:\/\/oestjyderne.danmarksveteraner.dk\/wordpress\/wp-content\/uploads\/2024\/02\/BLAa-2019-173-300x225.jpg\" alt=\"\" width=\"300\" height=\"225\" class=\"alignnone size-medium wp-image-1568\" \/><\/a> \/><\/a><\/td><td class=\"column-2\">Suppleant. <br \/>\n<a href=\"mailto:hoh@lafnet.dk\">Hans O Hansen<\/a><br \/>\n\u00d8stergade 19<br \/>\n8723 L\u00f8sning<br \/>\nhoh@lafnet.dk<br \/>\nTlf. 5174 0753<br \/>\n<\/td>\n<\/tr>\n<\/tbody>\n<\/table>\n<!-- #tablepress-3 from cache -->\n<p>&nbsp;<\/p>\n","protected":false},"excerpt":{"rendered":"<p>&nbsp; &nbsp;<\/p>\n","protected":false},"author":1,"featured_media":0,"parent":17,"menu_order":1,"comment_status":"closed","ping_status":"closed","template":"","meta":{"colormag_page_layout":"default_layout"},"_links":{"self":[{"href":"https:\/\/oestjyderne.danmarksveteraner.dk\/wordpress\/index.php?rest_route=\/wp\/v2\/pages\/32"}],"collection":[{"href":"https:\/\/oestjyderne.danmarksveteraner.dk\/wordpress\/index.php?rest_route=\/wp\/v2\/pages"}],"about":[{"href":"https:\/\/oestjyderne.danmarksveteraner.dk\/wordpress\/index.php?rest_route=\/wp\/v2\/types\/page"}],"author":[{"embeddable":true,"href":"https:\/\/oestjyderne.danmarksveteraner.dk\/wordpress\/index.php?rest_route=\/wp\/v2\/users\/1"}],"replies":[{"embeddable":true,"href":"https:\/\/oestjyderne.danmarksveteraner.dk\/wordpress\/index.php?rest_route=%2Fwp%2Fv2%2Fcomments&post=32"}],"version-history":[{"count":9,"href":"https:\/\/oestjyderne.danmarksveteraner.dk\/wordpress\/index.php?rest_route=\/wp\/v2\/pages\/32\/revisions"}],"predecessor-version":[{"id":1724,"href":"https:\/\/oestjyderne.danmarksveteraner.dk\/wordpress\/index.php?rest_route=\/wp\/v2\/pages\/32\/revisions\/1724"}],"up":[{"embeddable":true,"href":"https:\/\/oestjyderne.danmarksveteraner.dk\/wordpress\/index.php?rest_route=\/wp\/v2\/pages\/17"}],"wp:attachment":[{"href":"https:\/\/oestjyderne.danmarksveteraner.dk\/wordpress\/index.php?rest_route=%2Fwp%2Fv2%2Fmedia&parent=32"}],"curies":[{"name":"wp","href":"https:\/\/api.w.org\/{rel}","templated":true}]}}