{"id":1855,"date":"2026-02-09T18:15:13","date_gmt":"2026-02-09T17:15:13","guid":{"rendered":"https:\/\/oestjyderne.danmarksveteraner.dk\/wordpress\/?page_id=1855"},"modified":"2026-03-15T14:47:52","modified_gmt":"2026-03-15T13:47:52","slug":"2026-2","status":"publish","type":"page","link":"https:\/\/oestjyderne.danmarksveteraner.dk\/wordpress\/?page_id=1855","title":{"rendered":"2026"},"content":{"rendered":"<p style=\"text-align: center;\"><em><strong>Finn Sonnich Andersen 80 \u00e5r d. 7. januar.<\/strong><\/em><\/p>\n<p style=\"text-align: center;\"><a href=\"https:\/\/oestjyderne.danmarksveteraner.dk\/wordpress\/wp-content\/uploads\/2026\/02\/PXL_20260108_142115078-scaled.jpg\"><img decoding=\"async\" loading=\"lazy\" class=\"alignnone size-medium wp-image-1847\" src=\"https:\/\/oestjyderne.danmarksveteraner.dk\/wordpress\/wp-content\/uploads\/2026\/02\/PXL_20260108_142115078-225x300.jpg\" alt=\"\" width=\"225\" height=\"300\" srcset=\"https:\/\/oestjyderne.danmarksveteraner.dk\/wordpress\/wp-content\/uploads\/2026\/02\/PXL_20260108_142115078-225x300.jpg 225w, https:\/\/oestjyderne.danmarksveteraner.dk\/wordpress\/wp-content\/uploads\/2026\/02\/PXL_20260108_142115078-768x1024.jpg 768w, https:\/\/oestjyderne.danmarksveteraner.dk\/wordpress\/wp-content\/uploads\/2026\/02\/PXL_20260108_142115078-1152x1536.jpg 1152w, https:\/\/oestjyderne.danmarksveteraner.dk\/wordpress\/wp-content\/uploads\/2026\/02\/PXL_20260108_142115078-1536x2048.jpg 1536w, https:\/\/oestjyderne.danmarksveteraner.dk\/wordpress\/wp-content\/uploads\/2026\/02\/PXL_20260108_142115078-scaled.jpg 1920w\" sizes=\"(max-width: 225px) 100vw, 225px\" \/><\/a><\/p>\n<p style=\"text-align: center;\"><em><strong>Generalforsamling 24. februar i Marineforeningen.<\/strong><\/em><\/p>\n<p style=\"text-align: center;\"><a href=\"https:\/\/oestjyderne.danmarksveteraner.dk\/wordpress\/wp-content\/uploads\/2026\/03\/PXL_20260224_180812616-scaled.jpg\"><img decoding=\"async\" loading=\"lazy\" class=\"alignnone size-medium wp-image-1863\" src=\"https:\/\/oestjyderne.danmarksveteraner.dk\/wordpress\/wp-content\/uploads\/2026\/03\/PXL_20260224_180812616-300x225.jpg\" alt=\"\" width=\"300\" height=\"225\" srcset=\"https:\/\/oestjyderne.danmarksveteraner.dk\/wordpress\/wp-content\/uploads\/2026\/03\/PXL_20260224_180812616-300x225.jpg 300w, https:\/\/oestjyderne.danmarksveteraner.dk\/wordpress\/wp-content\/uploads\/2026\/03\/PXL_20260224_180812616-1024x768.jpg 1024w, https:\/\/oestjyderne.danmarksveteraner.dk\/wordpress\/wp-content\/uploads\/2026\/03\/PXL_20260224_180812616-768x576.jpg 768w, https:\/\/oestjyderne.danmarksveteraner.dk\/wordpress\/wp-content\/uploads\/2026\/03\/PXL_20260224_180812616-1536x1152.jpg 1536w, https:\/\/oestjyderne.danmarksveteraner.dk\/wordpress\/wp-content\/uploads\/2026\/03\/PXL_20260224_180812616-2048x1536.jpg 2048w\" sizes=\"(max-width: 300px) 100vw, 300px\" \/><\/a> <a href=\"https:\/\/oestjyderne.danmarksveteraner.dk\/wordpress\/wp-content\/uploads\/2026\/03\/PXL_20260224_180817948-scaled.jpg\"><img decoding=\"async\" loading=\"lazy\" class=\"alignnone size-medium wp-image-1862\" src=\"https:\/\/oestjyderne.danmarksveteraner.dk\/wordpress\/wp-content\/uploads\/2026\/03\/PXL_20260224_180817948-300x225.jpg\" alt=\"\" width=\"300\" height=\"225\" srcset=\"https:\/\/oestjyderne.danmarksveteraner.dk\/wordpress\/wp-content\/uploads\/2026\/03\/PXL_20260224_180817948-300x225.jpg 300w, https:\/\/oestjyderne.danmarksveteraner.dk\/wordpress\/wp-content\/uploads\/2026\/03\/PXL_20260224_180817948-1024x768.jpg 1024w, https:\/\/oestjyderne.danmarksveteraner.dk\/wordpress\/wp-content\/uploads\/2026\/03\/PXL_20260224_180817948-768x576.jpg 768w, https:\/\/oestjyderne.danmarksveteraner.dk\/wordpress\/wp-content\/uploads\/2026\/03\/PXL_20260224_180817948-1536x1152.jpg 1536w, https:\/\/oestjyderne.danmarksveteraner.dk\/wordpress\/wp-content\/uploads\/2026\/03\/PXL_20260224_180817948-2048x1536.jpg 2048w\" sizes=\"(max-width: 300px) 100vw, 300px\" \/><\/a> <a href=\"https:\/\/oestjyderne.danmarksveteraner.dk\/wordpress\/wp-content\/uploads\/2026\/03\/PXL_20260224_180827835-scaled.jpg\"><img decoding=\"async\" loading=\"lazy\" class=\"alignnone size-medium wp-image-1861\" src=\"https:\/\/oestjyderne.danmarksveteraner.dk\/wordpress\/wp-content\/uploads\/2026\/03\/PXL_20260224_180827835-300x225.jpg\" alt=\"\" width=\"300\" height=\"225\" srcset=\"https:\/\/oestjyderne.danmarksveteraner.dk\/wordpress\/wp-content\/uploads\/2026\/03\/PXL_20260224_180827835-300x225.jpg 300w, https:\/\/oestjyderne.danmarksveteraner.dk\/wordpress\/wp-content\/uploads\/2026\/03\/PXL_20260224_180827835-1024x768.jpg 1024w, https:\/\/oestjyderne.danmarksveteraner.dk\/wordpress\/wp-content\/uploads\/2026\/03\/PXL_20260224_180827835-768x576.jpg 768w, https:\/\/oestjyderne.danmarksveteraner.dk\/wordpress\/wp-content\/uploads\/2026\/03\/PXL_20260224_180827835-1536x1152.jpg 1536w, https:\/\/oestjyderne.danmarksveteraner.dk\/wordpress\/wp-content\/uploads\/2026\/03\/PXL_20260224_180827835-2048x1536.jpg 2048w\" sizes=\"(max-width: 300px) 100vw, 300px\" \/><\/a><\/p>\n<p style=\"text-align: center;\">Overr\u00e6kkelse af \u00e5rstegn: Kurt Damgaard 20\u00e5rs tegn, Rasmus Reedtz 25 \u00e5rs medalje og Ib Christensen 25 \u00e5rs medalje.<\/p>\n<p style=\"text-align: center;\"><a href=\"https:\/\/oestjyderne.danmarksveteraner.dk\/wordpress\/wp-content\/uploads\/2026\/03\/PXL_20260224_190852163-scaled.jpg\"><img decoding=\"async\" loading=\"lazy\" class=\"alignnone size-medium wp-image-1860\" src=\"https:\/\/oestjyderne.danmarksveteraner.dk\/wordpress\/wp-content\/uploads\/2026\/03\/PXL_20260224_190852163-300x225.jpg\" alt=\"\" width=\"300\" height=\"225\" srcset=\"https:\/\/oestjyderne.danmarksveteraner.dk\/wordpress\/wp-content\/uploads\/2026\/03\/PXL_20260224_190852163-300x225.jpg 300w, https:\/\/oestjyderne.danmarksveteraner.dk\/wordpress\/wp-content\/uploads\/2026\/03\/PXL_20260224_190852163-1024x768.jpg 1024w, https:\/\/oestjyderne.danmarksveteraner.dk\/wordpress\/wp-content\/uploads\/2026\/03\/PXL_20260224_190852163-768x576.jpg 768w, https:\/\/oestjyderne.danmarksveteraner.dk\/wordpress\/wp-content\/uploads\/2026\/03\/PXL_20260224_190852163-1536x1152.jpg 1536w, https:\/\/oestjyderne.danmarksveteraner.dk\/wordpress\/wp-content\/uploads\/2026\/03\/PXL_20260224_190852163-2048x1536.jpg 2048w\" sizes=\"(max-width: 300px) 100vw, 300px\" \/><\/a> <a href=\"https:\/\/oestjyderne.danmarksveteraner.dk\/wordpress\/wp-content\/uploads\/2026\/03\/PXL_20260224_191032795.jpg\"><img decoding=\"async\" loading=\"lazy\" class=\"alignnone size-medium wp-image-1865\" src=\"https:\/\/oestjyderne.danmarksveteraner.dk\/wordpress\/wp-content\/uploads\/2026\/03\/PXL_20260224_191032795-300x204.jpg\" alt=\"\" width=\"300\" height=\"204\" srcset=\"https:\/\/oestjyderne.danmarksveteraner.dk\/wordpress\/wp-content\/uploads\/2026\/03\/PXL_20260224_191032795-300x204.jpg 300w, https:\/\/oestjyderne.danmarksveteraner.dk\/wordpress\/wp-content\/uploads\/2026\/03\/PXL_20260224_191032795-1024x695.jpg 1024w, https:\/\/oestjyderne.danmarksveteraner.dk\/wordpress\/wp-content\/uploads\/2026\/03\/PXL_20260224_191032795-768x521.jpg 768w, https:\/\/oestjyderne.danmarksveteraner.dk\/wordpress\/wp-content\/uploads\/2026\/03\/PXL_20260224_191032795-1536x1043.jpg 1536w, https:\/\/oestjyderne.danmarksveteraner.dk\/wordpress\/wp-content\/uploads\/2026\/03\/PXL_20260224_191032795-2048x1390.jpg 2048w\" sizes=\"(max-width: 300px) 100vw, 300px\" \/><\/a> <a href=\"https:\/\/oestjyderne.danmarksveteraner.dk\/wordpress\/wp-content\/uploads\/2026\/03\/PXL_20260224_190954747-scaled.jpg\"><img decoding=\"async\" loading=\"lazy\" class=\"alignnone size-medium wp-image-1866\" src=\"https:\/\/oestjyderne.danmarksveteraner.dk\/wordpress\/wp-content\/uploads\/2026\/03\/PXL_20260224_190954747-300x225.jpg\" alt=\"\" width=\"300\" height=\"225\" srcset=\"https:\/\/oestjyderne.danmarksveteraner.dk\/wordpress\/wp-content\/uploads\/2026\/03\/PXL_20260224_190954747-300x225.jpg 300w, https:\/\/oestjyderne.danmarksveteraner.dk\/wordpress\/wp-content\/uploads\/2026\/03\/PXL_20260224_190954747-1024x768.jpg 1024w, https:\/\/oestjyderne.danmarksveteraner.dk\/wordpress\/wp-content\/uploads\/2026\/03\/PXL_20260224_190954747-768x576.jpg 768w, https:\/\/oestjyderne.danmarksveteraner.dk\/wordpress\/wp-content\/uploads\/2026\/03\/PXL_20260224_190954747-1536x1152.jpg 1536w, https:\/\/oestjyderne.danmarksveteraner.dk\/wordpress\/wp-content\/uploads\/2026\/03\/PXL_20260224_190954747-2048x1536.jpg 2048w\" sizes=\"(max-width: 300px) 100vw, 300px\" \/><\/a><\/p>\n<p style=\"text-align: center;\">Frits Brantzen siger tak for i aften og for 4 tjeneste som formand.<\/p>\n<p style=\"text-align: center;\"><a href=\"https:\/\/oestjyderne.danmarksveteraner.dk\/wordpress\/wp-content\/uploads\/2026\/03\/PXL_20260224_191134684-scaled.jpg\"><img decoding=\"async\" loading=\"lazy\" class=\"alignnone size-medium wp-image-1864\" src=\"https:\/\/oestjyderne.danmarksveteraner.dk\/wordpress\/wp-content\/uploads\/2026\/03\/PXL_20260224_191134684-300x225.jpg\" alt=\"\" width=\"300\" height=\"225\" srcset=\"https:\/\/oestjyderne.danmarksveteraner.dk\/wordpress\/wp-content\/uploads\/2026\/03\/PXL_20260224_191134684-300x225.jpg 300w, https:\/\/oestjyderne.danmarksveteraner.dk\/wordpress\/wp-content\/uploads\/2026\/03\/PXL_20260224_191134684-1024x768.jpg 1024w, https:\/\/oestjyderne.danmarksveteraner.dk\/wordpress\/wp-content\/uploads\/2026\/03\/PXL_20260224_191134684-768x576.jpg 768w, https:\/\/oestjyderne.danmarksveteraner.dk\/wordpress\/wp-content\/uploads\/2026\/03\/PXL_20260224_191134684-1536x1152.jpg 1536w, https:\/\/oestjyderne.danmarksveteraner.dk\/wordpress\/wp-content\/uploads\/2026\/03\/PXL_20260224_191134684-2048x1536.jpg 2048w\" sizes=\"(max-width: 300px) 100vw, 300px\" \/><\/a><\/p>\n","protected":false},"excerpt":{"rendered":"<p>Finn Sonnich Andersen 80 \u00e5r d. 7. januar. Generalforsamling 24. februar i Marineforeningen. Overr\u00e6kkelse af \u00e5rstegn: Kurt Damgaard 20\u00e5rs tegn,<\/p>\n","protected":false},"author":1,"featured_media":0,"parent":45,"menu_order":0,"comment_status":"closed","ping_status":"closed","template":"","meta":{"colormag_page_layout":"default_layout"},"_links":{"self":[{"href":"https:\/\/oestjyderne.danmarksveteraner.dk\/wordpress\/index.php?rest_route=\/wp\/v2\/pages\/1855"}],"collection":[{"href":"https:\/\/oestjyderne.danmarksveteraner.dk\/wordpress\/index.php?rest_route=\/wp\/v2\/pages"}],"about":[{"href":"https:\/\/oestjyderne.danmarksveteraner.dk\/wordpress\/index.php?rest_route=\/wp\/v2\/types\/page"}],"author":[{"embeddable":true,"href":"https:\/\/oestjyderne.danmarksveteraner.dk\/wordpress\/index.php?rest_route=\/wp\/v2\/users\/1"}],"replies":[{"embeddable":true,"href":"https:\/\/oestjyderne.danmarksveteraner.dk\/wordpress\/index.php?rest_route=%2Fwp%2Fv2%2Fcomments&post=1855"}],"version-history":[{"count":4,"href":"https:\/\/oestjyderne.danmarksveteraner.dk\/wordpress\/index.php?rest_route=\/wp\/v2\/pages\/1855\/revisions"}],"predecessor-version":[{"id":1869,"href":"https:\/\/oestjyderne.danmarksveteraner.dk\/wordpress\/index.php?rest_route=\/wp\/v2\/pages\/1855\/revisions\/1869"}],"up":[{"embeddable":true,"href":"https:\/\/oestjyderne.danmarksveteraner.dk\/wordpress\/index.php?rest_route=\/wp\/v2\/pages\/45"}],"wp:attachment":[{"href":"https:\/\/oestjyderne.danmarksveteraner.dk\/wordpress\/index.php?rest_route=%2Fwp%2Fv2%2Fmedia&parent=1855"}],"curies":[{"name":"wp","href":"https:\/\/api.w.org\/{rel}","templated":true}]}}