{"id":17,"date":"2016-05-04T05:37:44","date_gmt":"2016-05-04T05:37:44","guid":{"rendered":"http:\/\/oestjyderne.danmarksveteraner.dk\/wordpress\/?page_id=17"},"modified":"2026-03-24T15:17:39","modified_gmt":"2026-03-24T14:17:39","slug":"start","status":"publish","type":"page","link":"https:\/\/oestjyderne.danmarksveteraner.dk\/wordpress\/","title":{"rendered":"Organisation"},"content":{"rendered":"<p><a href=\"https:\/\/oestjyderne.danmarksveteraner.dk\/wordpress\/wp-content\/uploads\/2022\/11\/BLAa-2022-269B-scaled.jpg\"><img decoding=\"async\" loading=\"lazy\" class=\"alignnone  wp-image-1253\" src=\"https:\/\/oestjyderne.danmarksveteraner.dk\/wordpress\/wp-content\/uploads\/2022\/11\/BLAa-2022-269B-300x200.jpg\" alt=\"\" width=\"657\" height=\"438\" srcset=\"https:\/\/oestjyderne.danmarksveteraner.dk\/wordpress\/wp-content\/uploads\/2022\/11\/BLAa-2022-269B-300x200.jpg 300w, https:\/\/oestjyderne.danmarksveteraner.dk\/wordpress\/wp-content\/uploads\/2022\/11\/BLAa-2022-269B-1024x683.jpg 1024w, https:\/\/oestjyderne.danmarksveteraner.dk\/wordpress\/wp-content\/uploads\/2022\/11\/BLAa-2022-269B-768x512.jpg 768w, https:\/\/oestjyderne.danmarksveteraner.dk\/wordpress\/wp-content\/uploads\/2022\/11\/BLAa-2022-269B-1536x1024.jpg 1536w, https:\/\/oestjyderne.danmarksveteraner.dk\/wordpress\/wp-content\/uploads\/2022\/11\/BLAa-2022-269B-2048x1365.jpg 2048w\" sizes=\"(max-width: 657px) 100vw, 657px\" \/><\/a><\/p>\n<h3>Velkommen til Lokalforening \u00d8stjyderne<\/h3>\n<div id=\"t04_template_contentarea\" class=\"t04_contentarea_position\">\n<p>Velkommen til Danmarks Veteraner \u00d8stjylland. &#8220;\u00d8stjyderne&#8221;<\/p>\n<p>Kontakt:\u00a0 \u00a0 \u00a0oestjyderne@danmarksveteraner.dk<\/p>\n<p>Her p\u00e5 siden vil du kunne finde alt, om hvad der sker i lokalafdelingen \u00d8stjyderne.<br \/>\nHar du gode ideer, ris\/ros, billeder, dias, eller gode Historier du vil dele med os. Vi mangler is\u00e6r billeder fra de f\u00f8rste 30 \u00e5r.<br \/>\nS\u00e5 t\u00f8v ikke med at kontakte os.<\/p>\n<p>For at se fremtidige aktiviteter, tryk p\u00e5 ordet &#8220;Aktiviteter&#8221; i top bj\u00e6lken.<\/p>\n<\/div>\n","protected":false},"excerpt":{"rendered":"<p>Velkommen til Lokalforening \u00d8stjyderne Velkommen til Danmarks Veteraner \u00d8stjylland. &#8220;\u00d8stjyderne&#8221; Kontakt:\u00a0 \u00a0 \u00a0oestjyderne@danmarksveteraner.dk Her p\u00e5 siden vil du kunne finde<\/p>\n","protected":false},"author":1,"featured_media":0,"parent":0,"menu_order":1,"comment_status":"closed","ping_status":"closed","template":"","meta":{"colormag_page_layout":"default_layout"},"_links":{"self":[{"href":"https:\/\/oestjyderne.danmarksveteraner.dk\/wordpress\/index.php?rest_route=\/wp\/v2\/pages\/17"}],"collection":[{"href":"https:\/\/oestjyderne.danmarksveteraner.dk\/wordpress\/index.php?rest_route=\/wp\/v2\/pages"}],"about":[{"href":"https:\/\/oestjyderne.danmarksveteraner.dk\/wordpress\/index.php?rest_route=\/wp\/v2\/types\/page"}],"author":[{"embeddable":true,"href":"https:\/\/oestjyderne.danmarksveteraner.dk\/wordpress\/index.php?rest_route=\/wp\/v2\/users\/1"}],"replies":[{"embeddable":true,"href":"https:\/\/oestjyderne.danmarksveteraner.dk\/wordpress\/index.php?rest_route=%2Fwp%2Fv2%2Fcomments&post=17"}],"version-history":[{"count":13,"href":"https:\/\/oestjyderne.danmarksveteraner.dk\/wordpress\/index.php?rest_route=\/wp\/v2\/pages\/17\/revisions"}],"predecessor-version":[{"id":1880,"href":"https:\/\/oestjyderne.danmarksveteraner.dk\/wordpress\/index.php?rest_route=\/wp\/v2\/pages\/17\/revisions\/1880"}],"wp:attachment":[{"href":"https:\/\/oestjyderne.danmarksveteraner.dk\/wordpress\/index.php?rest_route=%2Fwp%2Fv2%2Fmedia&parent=17"}],"curies":[{"name":"wp","href":"https:\/\/api.w.org\/{rel}","templated":true}]}}